{"id":7193,"date":"2025-07-08T09:39:07","date_gmt":"2025-07-08T09:39:07","guid":{"rendered":"https:\/\/ceramicascalaf.com\/accueil\/"},"modified":"2025-10-21T15:31:00","modified_gmt":"2025-10-21T15:31:00","slug":"accueil","status":"publish","type":"page","link":"https:\/\/ceramicascalaf.com\/fr\/","title":{"rendered":"Accueil"},"content":{"rendered":"<p><div class=\"fusion-fullwidth fullwidth-box fusion-builder-row-1 fusion-flex-container has-pattern-background has-mask-background hundred-percent-fullwidth non-hundred-percent-height-scrolling\" style=\"--awb-border-radius-top-left:0px;--awb-border-radius-top-right:0px;--awb-border-radius-bottom-right:0px;--awb-border-radius-bottom-left:0px;--awb-padding-top:3%;--awb-padding-bottom:3%;--awb-flex-wrap:wrap;\" ><div class=\"fusion-builder-row fusion-row fusion-flex-align-items-center fusion-flex-content-wrap\" style=\"width:104% !important;max-width:104% !important;margin-left: calc(-4% \/ 2 );margin-right: calc(-4% \/ 2 );\"><div class=\"fusion-layout-column fusion_builder_column fusion-builder-column-0 fusion_builder_column_1_2 1_2 fusion-flex-column\" style=\"--awb-bg-size:cover;--awb-width-large:50%;--awb-margin-top-large:0px;--awb-spacing-right-large:3.84%;--awb-margin-bottom-large:20px;--awb-spacing-left-large:3.84%;--awb-width-medium:50%;--awb-order-medium:0;--awb-spacing-right-medium:3.84%;--awb-spacing-left-medium:3.84%;--awb-width-small:100%;--awb-order-small:0;--awb-spacing-right-small:1.92%;--awb-spacing-left-small:1.92%;\"><div class=\"fusion-column-wrapper fusion-column-has-shadow fusion-flex-justify-content-flex-start fusion-content-layout-column\"><div class=\"fusion-title title fusion-title-1 fusion-sep-none fusion-title-text fusion-title-size-two\" style=\"--awb-text-color:var(--awb-color4);--awb-margin-top-small:10px;--awb-margin-right-small:0px;--awb-margin-bottom-small:10px;--awb-margin-left-small:0px;\"><h2 class=\"fusion-title-heading title-heading-left\" style=\"margin:0;\">Rev\u00eatements de sol durables avec<br \/><b>tradition et innovation<\/b><\/h2><\/div><div class=\"fusion-text fusion-text-1\"><p><strong>Cer\u00e1micas Calaf, S.A.U.<\/strong> est une entreprise ayant une solide tradition c\u00e9ramique depuis 1966, sp\u00e9cialis\u00e9e dans la fabrication de <strong>carreaux de sol en gr\u00e8s extrud\u00e9 et en terre cuite.<\/strong><\/p>\n<p>Avec plus de 22 000 m\u00b2 d&rsquo;installations et un engagement ferme en faveur de l&rsquo;<strong>innovation<\/strong> et de la <strong>durabilit\u00e9<\/strong>, nos produits allient une esth\u00e9tique rustique \u00e0 des performances techniques \u00e9lev\u00e9es.<\/p>\n<p><strong>Leaders dans le domaine de la rasilla catalana<\/strong>, nous offrons des solutions de qualit\u00e9 certifi\u00e9es pour des projets de construction dans le monde entier.<\/p>\n<\/div><\/div><\/div><div class=\"fusion-layout-column fusion_builder_column fusion-builder-column-1 fusion_builder_column_1_2 1_2 fusion-flex-column\" style=\"--awb-bg-size:cover;--awb-width-large:50%;--awb-margin-top-large:0px;--awb-spacing-right-large:3.84%;--awb-margin-bottom-large:20px;--awb-spacing-left-large:3.84%;--awb-width-medium:50%;--awb-order-medium:0;--awb-spacing-right-medium:3.84%;--awb-spacing-left-medium:3.84%;--awb-width-small:100%;--awb-order-small:0;--awb-spacing-right-small:1.92%;--awb-spacing-left-small:1.92%;\"><div class=\"fusion-column-wrapper fusion-column-has-shadow fusion-flex-justify-content-flex-start fusion-content-layout-column\"><div class=\"fusion-image-element \" style=\"--awb-aspect-ratio:2 \/ 1;--awb-caption-title-font-family:var(--h2_typography-font-family);--awb-caption-title-font-weight:var(--h2_typography-font-weight);--awb-caption-title-font-style:var(--h2_typography-font-style);--awb-caption-title-size:var(--h2_typography-font-size);--awb-caption-title-transform:var(--h2_typography-text-transform);--awb-caption-title-line-height:var(--h2_typography-line-height);--awb-caption-title-letter-spacing:var(--h2_typography-letter-spacing);\"><span class=\" fusion-imageframe imageframe-dropshadow imageframe-1 hover-type-none has-aspect-ratio\" style=\"-webkit-box-shadow: 9px 9px 13px rgba(0,0,0,0.3);box-shadow: 9px 9px 13px rgba(0,0,0,0.3);\"><img decoding=\"async\" width=\"2560\" height=\"1843\" title=\"Inici &#8211; Pav.dudraderos\" src=\"https:\/\/ceramicascalaf.com\/wp-content\/uploads\/2025\/09\/Inici-Pav.dudraderos-scaled.jpg\" data-orig-src=\"https:\/\/ceramicascalaf.com\/wp-content\/uploads\/2025\/09\/Inici-Pav.dudraderos-scaled.jpg\" class=\"lazyload img-responsive wp-image-7194 img-with-aspect-ratio\" data-parent-fit=\"cover\" data-parent-container=\".fusion-image-element\" alt srcset=\"data:image\/svg+xml,%3Csvg%20xmlns%3D%27http%3A%2F%2Fwww.w3.org%2F2000%2Fsvg%27%20width%3D%272560%27%20height%3D%271843%27%20viewBox%3D%270%200%202560%201843%27%3E%3Crect%20width%3D%272560%27%20height%3D%271843%27%20fill-opacity%3D%220%22%2F%3E%3C%2Fsvg%3E\" data-srcset=\"https:\/\/ceramicascalaf.com\/wp-content\/uploads\/2025\/09\/Inici-Pav.dudraderos-200x144.jpg 200w, https:\/\/ceramicascalaf.com\/wp-content\/uploads\/2025\/09\/Inici-Pav.dudraderos-400x288.jpg 400w, https:\/\/ceramicascalaf.com\/wp-content\/uploads\/2025\/09\/Inici-Pav.dudraderos-600x432.jpg 600w, https:\/\/ceramicascalaf.com\/wp-content\/uploads\/2025\/09\/Inici-Pav.dudraderos-800x576.jpg 800w, https:\/\/ceramicascalaf.com\/wp-content\/uploads\/2025\/09\/Inici-Pav.dudraderos-1200x864.jpg 1200w, https:\/\/ceramicascalaf.com\/wp-content\/uploads\/2025\/09\/Inici-Pav.dudraderos-scaled.jpg 2560w\" data-sizes=\"auto\" data-orig-sizes=\"(max-width: 640px) 100vw, 600px\" \/><\/span><\/div><\/div><\/div><\/div><\/div><div class=\"fusion-fullwidth fullwidth-box fusion-builder-row-2 fusion-flex-container has-pattern-background has-mask-background hundred-percent-fullwidth non-hundred-percent-height-scrolling\" style=\"--awb-border-radius-top-left:0px;--awb-border-radius-top-right:0px;--awb-border-radius-bottom-right:0px;--awb-border-radius-bottom-left:0px;--awb-padding-top:3%;--awb-padding-bottom:1%;--awb-flex-wrap:wrap;\" ><div class=\"fusion-builder-row fusion-row fusion-flex-align-items-flex-start fusion-flex-content-wrap\" style=\"width:104% !important;max-width:104% !important;margin-left: calc(-4% \/ 2 );margin-right: calc(-4% \/ 2 );\"><div class=\"fusion-layout-column fusion_builder_column fusion-builder-column-2 fusion_builder_column_1_1 1_1 fusion-flex-column\" style=\"--awb-bg-size:cover;--awb-width-large:100%;--awb-margin-top-large:0px;--awb-spacing-right-large:1.92%;--awb-margin-bottom-large:20px;--awb-spacing-left-large:1.92%;--awb-width-medium:100%;--awb-order-medium:0;--awb-spacing-right-medium:1.92%;--awb-spacing-left-medium:1.92%;--awb-width-small:100%;--awb-order-small:0;--awb-spacing-right-small:1.92%;--awb-spacing-left-small:1.92%;\"><div class=\"fusion-column-wrapper fusion-column-has-shadow fusion-flex-justify-content-flex-start fusion-content-layout-column\"><div class=\"fusion-title title fusion-title-2 fusion-sep-none fusion-title-text fusion-title-size-three\" style=\"--awb-text-color:var(--awb-color4);--awb-margin-top-small:10px;--awb-margin-right-small:0px;--awb-margin-bottom-small:10px;--awb-margin-left-small:0px;\"><h3 class=\"fusion-title-heading title-heading-left\" style=\"margin:0;\"><b>que pouvons-nous vous offrir ?<\/b><\/h3><\/div><div class=\"fusion-image-carousel fusion-image-carousel-auto fusion-image-carousel-1 awb-image-carousel-top-below-caption\"><div class=\"awb-carousel awb-swiper awb-swiper-carousel awb-carousel--carousel awb-swiper-dots-position-bottom awb-imageframe-style awb-imageframe-style-below awb-imageframe-style-1\" data-layout=\"carousel\" data-autoplay=\"yes\" data-autoplayspeed=\"2500\" data-autoplaypause=\"no\" data-columns=\"4.0\" data-columnsmedium=\"1\" data-columnssmall=\"1\" data-itemmargin=\"40\" data-itemwidth=\"180\" data-touchscroll=\"no\" data-freemode=\"no\" data-imagesize=\"auto\" data-scrollitems=\"1\" data-centeredslides=\"no\" data-rotationangle=\"50\" data-depth=\"100\" data-speed=\"500\" data-shadow=\"no\" data-pagination=\"bullets\" style=\"--awb-columns:4.0;--awb-column-spacing:40px;--awb-caption-title-size:20px;--awb-caption-title-transform:uppercase;--awb-caption-margin-top:10px;--awb-border-radius-top-left:20px;--awb-border-radius-top-right:20px;--awb-border-radius-bottom-right:20px;--awb-border-radius-bottom-left:20px;--awb-dots-align:center;--awb-caption-title-font-family:&quot;PT Sans&quot;;--awb-caption-title-font-style:normal;--awb-caption-title-font-weight:700;\"><div class=\"swiper-wrapper awb-image-carousel-wrapper fusion-flex-align-items-stretch\"><div class=\"swiper-slide\"><div class=\"fusion-carousel-item-wrapper\"><div class=\"fusion-image-wrapper hover-type-none\"><a href=\"https:\/\/ceramicascalaf.com\/fr\/produits\/\" target=\"_self\"><img decoding=\"async\" width=\"1000\" height=\"1000\" src=\"https:\/\/ceramicascalaf.com\/wp-content\/uploads\/2025\/10\/ceramicas-calaf-inicio-9.jpg\" class=\"attachment-full size-full lazyload\" alt=\"\" srcset=\"data:image\/svg+xml,%3Csvg%20xmlns%3D%27http%3A%2F%2Fwww.w3.org%2F2000%2Fsvg%27%20width%3D%271000%27%20height%3D%271000%27%20viewBox%3D%270%200%201000%201000%27%3E%3Crect%20width%3D%271000%27%20height%3D%271000%27%20fill-opacity%3D%220%22%2F%3E%3C%2Fsvg%3E\" data-orig-src=\"https:\/\/ceramicascalaf.com\/wp-content\/uploads\/2025\/10\/ceramicas-calaf-inicio-9.jpg\" data-srcset=\"https:\/\/ceramicascalaf.com\/wp-content\/uploads\/2025\/10\/ceramicas-calaf-inicio-9-200x200.jpg 200w, https:\/\/ceramicascalaf.com\/wp-content\/uploads\/2025\/10\/ceramicas-calaf-inicio-9-400x400.jpg 400w, https:\/\/ceramicascalaf.com\/wp-content\/uploads\/2025\/10\/ceramicas-calaf-inicio-9-600x600.jpg 600w, https:\/\/ceramicascalaf.com\/wp-content\/uploads\/2025\/10\/ceramicas-calaf-inicio-9-800x800.jpg 800w, https:\/\/ceramicascalaf.com\/wp-content\/uploads\/2025\/10\/ceramicas-calaf-inicio-9.jpg 1000w\" data-sizes=\"auto\" \/><\/a><\/div><div class=\"awb-imageframe-caption-container\" style=\"text-align:center;\"><div class=\"awb-imageframe-caption\"><h2 class=\"awb-imageframe-caption-title\">S\u00c9RIE<\/h2><\/div><\/div><\/div><\/div><div class=\"swiper-slide\"><div class=\"fusion-carousel-item-wrapper\"><div class=\"fusion-image-wrapper hover-type-none\"><a href=\"https:\/\/ceramicascalaf.com\/fr\/contact\/\" target=\"_self\"><img decoding=\"async\" width=\"1000\" height=\"1000\" src=\"https:\/\/ceramicascalaf.com\/wp-content\/uploads\/2025\/10\/ceramicas-calaf-inicio-8.png\" class=\"attachment-full size-full lazyload\" alt=\"\" srcset=\"data:image\/svg+xml,%3Csvg%20xmlns%3D%27http%3A%2F%2Fwww.w3.org%2F2000%2Fsvg%27%20width%3D%271000%27%20height%3D%271000%27%20viewBox%3D%270%200%201000%201000%27%3E%3Crect%20width%3D%271000%27%20height%3D%271000%27%20fill-opacity%3D%220%22%2F%3E%3C%2Fsvg%3E\" data-orig-src=\"https:\/\/ceramicascalaf.com\/wp-content\/uploads\/2025\/10\/ceramicas-calaf-inicio-8.png\" data-srcset=\"https:\/\/ceramicascalaf.com\/wp-content\/uploads\/2025\/10\/ceramicas-calaf-inicio-8-200x200.png 200w, https:\/\/ceramicascalaf.com\/wp-content\/uploads\/2025\/10\/ceramicas-calaf-inicio-8-400x400.png 400w, https:\/\/ceramicascalaf.com\/wp-content\/uploads\/2025\/10\/ceramicas-calaf-inicio-8-600x600.png 600w, https:\/\/ceramicascalaf.com\/wp-content\/uploads\/2025\/10\/ceramicas-calaf-inicio-8-800x800.png 800w, https:\/\/ceramicascalaf.com\/wp-content\/uploads\/2025\/10\/ceramicas-calaf-inicio-8.png 1000w\" data-sizes=\"auto\" \/><\/a><\/div><div class=\"awb-imageframe-caption-container\" style=\"text-align:center;\"><div class=\"awb-imageframe-caption\"><h2 class=\"awb-imageframe-caption-title\">PRODUITS SUR MESURE<\/h2><\/div><\/div><\/div><\/div><div class=\"swiper-slide\"><div class=\"fusion-carousel-item-wrapper\"><div class=\"fusion-image-wrapper hover-type-none\"><a href=\"https:\/\/ceramicascalaf.com\/fr\/decorations\/\" target=\"_self\"><img decoding=\"async\" width=\"1000\" height=\"1000\" src=\"https:\/\/ceramicascalaf.com\/wp-content\/uploads\/2025\/10\/ceramicas-calaf-inicio-6.png\" class=\"attachment-full size-full lazyload\" alt=\"\" srcset=\"data:image\/svg+xml,%3Csvg%20xmlns%3D%27http%3A%2F%2Fwww.w3.org%2F2000%2Fsvg%27%20width%3D%271000%27%20height%3D%271000%27%20viewBox%3D%270%200%201000%201000%27%3E%3Crect%20width%3D%271000%27%20height%3D%271000%27%20fill-opacity%3D%220%22%2F%3E%3C%2Fsvg%3E\" data-orig-src=\"https:\/\/ceramicascalaf.com\/wp-content\/uploads\/2025\/10\/ceramicas-calaf-inicio-6.png\" data-srcset=\"https:\/\/ceramicascalaf.com\/wp-content\/uploads\/2025\/10\/ceramicas-calaf-inicio-6-200x200.png 200w, https:\/\/ceramicascalaf.com\/wp-content\/uploads\/2025\/10\/ceramicas-calaf-inicio-6-400x400.png 400w, https:\/\/ceramicascalaf.com\/wp-content\/uploads\/2025\/10\/ceramicas-calaf-inicio-6-600x600.png 600w, https:\/\/ceramicascalaf.com\/wp-content\/uploads\/2025\/10\/ceramicas-calaf-inicio-6-800x800.png 800w, https:\/\/ceramicascalaf.com\/wp-content\/uploads\/2025\/10\/ceramicas-calaf-inicio-6.png 1000w\" data-sizes=\"auto\" \/><\/a><\/div><div class=\"awb-imageframe-caption-container\" style=\"text-align:center;\"><div class=\"awb-imageframe-caption\"><h2 class=\"awb-imageframe-caption-title\">D\u00c9CORATIF<\/h2><\/div><\/div><\/div><\/div><div class=\"swiper-slide\"><div class=\"fusion-carousel-item-wrapper\"><div class=\"fusion-image-wrapper hover-type-none\"><a href=\"https:\/\/ceramicascalaf.com\/wp-content\/uploads\/calaf2.mp4\" target=\"_blank\" rel=\"noopener noreferrer\"><img decoding=\"async\" width=\"1000\" height=\"1000\" src=\"https:\/\/ceramicascalaf.com\/wp-content\/uploads\/2025\/10\/ceramicas-calaf-inicio-7.jpg\" class=\"attachment-full size-full lazyload\" alt=\"\" srcset=\"data:image\/svg+xml,%3Csvg%20xmlns%3D%27http%3A%2F%2Fwww.w3.org%2F2000%2Fsvg%27%20width%3D%271000%27%20height%3D%271000%27%20viewBox%3D%270%200%201000%201000%27%3E%3Crect%20width%3D%271000%27%20height%3D%271000%27%20fill-opacity%3D%220%22%2F%3E%3C%2Fsvg%3E\" data-orig-src=\"https:\/\/ceramicascalaf.com\/wp-content\/uploads\/2025\/10\/ceramicas-calaf-inicio-7.jpg\" data-srcset=\"https:\/\/ceramicascalaf.com\/wp-content\/uploads\/2025\/10\/ceramicas-calaf-inicio-7-200x200.jpg 200w, https:\/\/ceramicascalaf.com\/wp-content\/uploads\/2025\/10\/ceramicas-calaf-inicio-7-400x400.jpg 400w, https:\/\/ceramicascalaf.com\/wp-content\/uploads\/2025\/10\/ceramicas-calaf-inicio-7-600x600.jpg 600w, https:\/\/ceramicascalaf.com\/wp-content\/uploads\/2025\/10\/ceramicas-calaf-inicio-7-800x800.jpg 800w, https:\/\/ceramicascalaf.com\/wp-content\/uploads\/2025\/10\/ceramicas-calaf-inicio-7.jpg 1000w\" data-sizes=\"auto\" \/><\/a><\/div><div class=\"awb-imageframe-caption-container\" style=\"text-align:center;\"><div class=\"awb-imageframe-caption\"><h2 class=\"awb-imageframe-caption-title\">PROCESSUS DE PRODUCTION<\/h2><\/div><\/div><\/div><\/div><div class=\"swiper-slide\"><div class=\"fusion-carousel-item-wrapper\"><div class=\"fusion-image-wrapper hover-type-none\"><a href=\"https:\/\/ceramicascalaf.com\/fr\/contact\/#distribuidor\" target=\"_self\"><img decoding=\"async\" width=\"1000\" height=\"1000\" src=\"https:\/\/ceramicascalaf.com\/wp-content\/uploads\/2025\/10\/ceramicas-calaf-inicio-10.jpg\" class=\"attachment-full size-full lazyload\" alt=\"\" srcset=\"data:image\/svg+xml,%3Csvg%20xmlns%3D%27http%3A%2F%2Fwww.w3.org%2F2000%2Fsvg%27%20width%3D%271000%27%20height%3D%271000%27%20viewBox%3D%270%200%201000%201000%27%3E%3Crect%20width%3D%271000%27%20height%3D%271000%27%20fill-opacity%3D%220%22%2F%3E%3C%2Fsvg%3E\" data-orig-src=\"https:\/\/ceramicascalaf.com\/wp-content\/uploads\/2025\/10\/ceramicas-calaf-inicio-10.jpg\" data-srcset=\"https:\/\/ceramicascalaf.com\/wp-content\/uploads\/2025\/10\/ceramicas-calaf-inicio-10-200x200.jpg 200w, https:\/\/ceramicascalaf.com\/wp-content\/uploads\/2025\/10\/ceramicas-calaf-inicio-10-400x400.jpg 400w, https:\/\/ceramicascalaf.com\/wp-content\/uploads\/2025\/10\/ceramicas-calaf-inicio-10-600x600.jpg 600w, https:\/\/ceramicascalaf.com\/wp-content\/uploads\/2025\/10\/ceramicas-calaf-inicio-10-800x800.jpg 800w, https:\/\/ceramicascalaf.com\/wp-content\/uploads\/2025\/10\/ceramicas-calaf-inicio-10.jpg 1000w\" data-sizes=\"auto\" \/><\/a><\/div><div class=\"awb-imageframe-caption-container\" style=\"text-align:center;\"><div class=\"awb-imageframe-caption\"><h2 class=\"awb-imageframe-caption-title\">TROUVEZ VOTRE DISTRIBUTEUR<\/h2><\/div><\/div><\/div><\/div><\/div><div class=\"awb-swiper-button awb-swiper-button-prev\"><i class=\"awb-icon-angle-left\" aria-hidden=\"true\"><\/i><\/div><div class=\"awb-swiper-button awb-swiper-button-next\"><i class=\"awb-icon-angle-right\" aria-hidden=\"true\"><\/i><\/div><\/div><\/div><\/div><\/div><\/div><\/div><div class=\"fusion-fullwidth fullwidth-box fusion-builder-row-3 fusion-flex-container has-pattern-background has-mask-background fusion-parallax-fixed nonhundred-percent-fullwidth non-hundred-percent-height-scrolling lazyload\" style=\"--awb-border-radius-top-left:0px;--awb-border-radius-top-right:0px;--awb-border-radius-bottom-right:0px;--awb-border-radius-bottom-left:0px;--awb-padding-top:5%;--awb-padding-bottom:5%;--awb-background-image:linear-gradient(180deg, rgba(0,0,0,0.5) 0%,rgba(0,0,0,0.5) 100%);;--awb-background-size:cover;--awb-flex-wrap:wrap;background-attachment:fixed;\" data-bg=\"https:\/\/ceramicascalaf.com\/wp-content\/uploads\/2025\/09\/Quienes-somos-gres-i-terracota-2-scaled.jpg\" data-bg-gradient=\"linear-gradient(180deg, rgba(0,0,0,0.5) 0%,rgba(0,0,0,0.5) 100%)\" ><div class=\"fusion-builder-row fusion-row fusion-flex-align-items-flex-start fusion-flex-content-wrap\" style=\"max-width:1248px;margin-left: calc(-4% \/ 2 );margin-right: calc(-4% \/ 2 );\"><div class=\"fusion-layout-column fusion_builder_column fusion-builder-column-3 fusion_builder_column_1_1 1_1 fusion-flex-column\" style=\"--awb-bg-size:cover;--awb-width-large:100%;--awb-margin-top-large:0px;--awb-spacing-right-large:1.92%;--awb-margin-bottom-large:0px;--awb-spacing-left-large:1.92%;--awb-width-medium:100%;--awb-order-medium:0;--awb-spacing-right-medium:1.92%;--awb-spacing-left-medium:1.92%;--awb-width-small:100%;--awb-order-small:0;--awb-spacing-right-small:1.92%;--awb-spacing-left-small:1.92%;\"><div class=\"fusion-column-wrapper fusion-column-has-shadow fusion-flex-justify-content-flex-start fusion-content-layout-column\"><div class=\"fusion-counters-box counters-box row fusion-clearfix fusion-columns-4\" style=\"--awb-body-color:var(--awb-color1);--awb-body-size:16;--awb-border-color:rgba(191,139,56,0);--awb-color:var(--awb-color1);--awb-title-size:60;--awb-border-color:rgba(191,139,56,0);\"><div class=\"fusion-counter-box fusion-column col-counter-box counter-box-wrapper col-lg-3 col-md-3 col-sm-3\" data-animationOffset=\"top-into-view\"><div class=\"counter-box-container\"><div class=\"content-box-percentage content-box-counter\"><span class=\"unit\">+<\/span><span class=\"display-counter\" data-value=\"20\" data-direction=\"up\" data-decimals=\"0\">0<\/span><\/div><div class=\"counter-box-content\">Pr\u00e9sence dans plus de 20 pays<\/div><\/div><\/div><div class=\"fusion-counter-box fusion-column col-counter-box counter-box-wrapper col-lg-3 col-md-3 col-sm-3\" data-animationOffset=\"top-into-view\"><div class=\"counter-box-container\"><div class=\"content-box-percentage content-box-counter\"><span class=\"unit\">+<\/span><span class=\"display-counter\" data-value=\"1000\" data-direction=\"up\" data-decimals=\"0\">0<\/span><\/div><div class=\"counter-box-content\">Des partenaires dans le monde entier.<\/div><\/div><\/div><div class=\"fusion-counter-box fusion-column col-counter-box counter-box-wrapper col-lg-3 col-md-3 col-sm-3\" data-animationOffset=\"top-into-view\"><div class=\"counter-box-container\"><div class=\"content-box-percentage content-box-counter\"><span class=\"display-counter\" data-value=\"15\" data-direction=\"up\" data-decimals=\"0\">0<\/span><span class=\"unit\">M<\/span><\/div><div class=\"counter-box-content\">Unit\u00e9s vendues au cours de l&rsquo;ann\u00e9e \u00e9coul\u00e9e.<\/div><\/div><\/div><div class=\"fusion-counter-box fusion-column col-counter-box counter-box-wrapper col-lg-3 col-md-3 col-sm-3\" data-animationOffset=\"top-into-view\"><div class=\"counter-box-container\"><div class=\"content-box-percentage content-box-counter\"><span class=\"unit\">N\u00ba<\/span><span class=\"display-counter\" data-value=\"1\" data-direction=\"up\" data-decimals=\"0\">0<\/span><\/div><div class=\"counter-box-content\">En catalan rasilla<\/div><\/div><\/div><\/div><\/div><\/div><\/div><\/div><div class=\"fusion-fullwidth fullwidth-box fusion-builder-row-4 fusion-flex-container has-pattern-background has-mask-background hundred-percent-fullwidth non-hundred-percent-height-scrolling\" style=\"--awb-border-radius-top-left:0px;--awb-border-radius-top-right:0px;--awb-border-radius-bottom-right:0px;--awb-border-radius-bottom-left:0px;--awb-padding-top:3%;--awb-padding-right:3%;--awb-padding-bottom:3%;--awb-padding-left:3%;--awb-flex-wrap:wrap;\" ><div class=\"fusion-builder-row fusion-row fusion-flex-align-items-flex-start fusion-flex-content-wrap\" style=\"width:104% !important;max-width:104% !important;margin-left: calc(-4% \/ 2 );margin-right: calc(-4% \/ 2 );\"><div class=\"fusion-layout-column fusion_builder_column fusion-builder-column-4 fusion_builder_column_1_1 1_1 fusion-flex-column\" style=\"--awb-bg-size:cover;--awb-width-large:100%;--awb-margin-top-large:0px;--awb-spacing-right-large:1.92%;--awb-margin-bottom-large:0px;--awb-spacing-left-large:1.92%;--awb-width-medium:100%;--awb-order-medium:0;--awb-spacing-right-medium:1.92%;--awb-spacing-left-medium:1.92%;--awb-width-small:100%;--awb-order-small:0;--awb-spacing-right-small:1.92%;--awb-spacing-left-small:1.92%;\"><div class=\"fusion-column-wrapper fusion-column-has-shadow fusion-flex-justify-content-flex-start fusion-content-layout-column\"><div class=\"fusion-title title fusion-title-3 fusion-sep-none fusion-title-text fusion-title-size-two\" style=\"--awb-text-color:var(--awb-color4);--awb-margin-top-small:10px;--awb-margin-right-small:0px;--awb-margin-bottom-small:10px;--awb-margin-left-small:0px;\"><h2 class=\"fusion-title-heading title-heading-left\" style=\"margin:0;\"><strong>Nous exportons et vendons dans le monde entier<\/strong><\/h2><\/div><div class=\"fusion-text fusion-text-2\"><p><span style=\"font-weight: 400;\">Pour \u00eatre toujours <\/span><b>proche de vous<\/b><span style=\"font-weight: 400;\">nous avons mis en place un r\u00e9seau solide et \u00e9tendu de <\/span><b>partenaires et distributeurs internationaux<\/b><span style=\"font-weight: 400;\">.<\/span><\/p>\n<\/div><div id=\"mapsvg-4\" data-id=\"4\" class=\"mapsvg\" data-autoload=\"true\" data-load-db=\"true\" data-loading-text=\"Loading map...\" style=\"width: 100%; height: 0; padding-bottom: 29.75%\"><\/div><\/div><\/div><\/div><\/div><\/p>\n","protected":false},"excerpt":{"rendered":"","protected":false},"author":1,"featured_media":0,"parent":0,"menu_order":0,"comment_status":"closed","ping_status":"closed","template":"100-width.php","meta":{"_acf_changed":false,"footnotes":""},"class_list":["post-7193","page","type-page","status-publish","hentry"],"acf":[],"_links":{"self":[{"href":"https:\/\/ceramicascalaf.com\/fr\/wp-json\/wp\/v2\/pages\/7193","targetHints":{"allow":["GET"]}}],"collection":[{"href":"https:\/\/ceramicascalaf.com\/fr\/wp-json\/wp\/v2\/pages"}],"about":[{"href":"https:\/\/ceramicascalaf.com\/fr\/wp-json\/wp\/v2\/types\/page"}],"author":[{"embeddable":true,"href":"https:\/\/ceramicascalaf.com\/fr\/wp-json\/wp\/v2\/users\/1"}],"replies":[{"embeddable":true,"href":"https:\/\/ceramicascalaf.com\/fr\/wp-json\/wp\/v2\/comments?post=7193"}],"version-history":[{"count":3,"href":"https:\/\/ceramicascalaf.com\/fr\/wp-json\/wp\/v2\/pages\/7193\/revisions"}],"predecessor-version":[{"id":7796,"href":"https:\/\/ceramicascalaf.com\/fr\/wp-json\/wp\/v2\/pages\/7193\/revisions\/7796"}],"wp:attachment":[{"href":"https:\/\/ceramicascalaf.com\/fr\/wp-json\/wp\/v2\/media?parent=7193"}],"curies":[{"name":"wp","href":"https:\/\/api.w.org\/{rel}","templated":true}]}}