{"id":6948,"date":"2025-10-06T08:50:46","date_gmt":"2025-10-06T08:50:46","guid":{"rendered":"https:\/\/ceramicascalaf.com\/producto\/decore-13x13-vert-decorados\/"},"modified":"2025-10-06T08:50:46","modified_gmt":"2025-10-06T08:50:46","slug":"decore-13x13-vert-decorados","status":"publish","type":"product","link":"https:\/\/ceramicascalaf.com\/fr\/produit\/decore-13x13-vert-decorados\/","title":{"rendered":"D\u00e9cor\u00e9 13&#215;13 VERT &#8211; DECORADOS"},"content":{"rendered":"","protected":false},"excerpt":{"rendered":"<p>Les bordures d\u00e9coratives de la s\u00e9rie Montserrat refl\u00e8tent notre souci du d\u00e9tail et de la qualit\u00e9. Fabriqu\u00e9es selon un processus d&rsquo;extrusion, de cuisson, d&rsquo;\u00e9maillage et de recuit, elles sont le compl\u00e9ment id\u00e9al pour mettre en valeur n&rsquo;importe quel espace, du pied d&rsquo;un escalier au bord d&rsquo;une piscine, en passant par les patios int\u00e9rieurs ou toute autre application ornementale. Chaque pi\u00e8ce est con\u00e7ue pour apporter une touche unique et sophistiqu\u00e9e \u00e0 votre projet.  <\/p>\n","protected":false},"featured_media":6275,"comment_status":"open","ping_status":"closed","template":"","meta":{"_acf_changed":false},"product_brand":[],"product_cat":[647],"product_tag":[],"class_list":{"0":"post-6948","1":"product","2":"type-product","3":"status-publish","4":"has-post-thumbnail","6":"product_cat-decorations","8":"first","9":"instock","10":"shipping-taxable","11":"product-type-simple"},"acf":[],"_links":{"self":[{"href":"https:\/\/ceramicascalaf.com\/fr\/wp-json\/wp\/v2\/product\/6948","targetHints":{"allow":["GET"]}}],"collection":[{"href":"https:\/\/ceramicascalaf.com\/fr\/wp-json\/wp\/v2\/product"}],"about":[{"href":"https:\/\/ceramicascalaf.com\/fr\/wp-json\/wp\/v2\/types\/product"}],"replies":[{"embeddable":true,"href":"https:\/\/ceramicascalaf.com\/fr\/wp-json\/wp\/v2\/comments?post=6948"}],"wp:featuredmedia":[{"embeddable":true,"href":"https:\/\/ceramicascalaf.com\/fr\/wp-json\/wp\/v2\/media\/6275"}],"wp:attachment":[{"href":"https:\/\/ceramicascalaf.com\/fr\/wp-json\/wp\/v2\/media?parent=6948"}],"wp:term":[{"taxonomy":"product_brand","embeddable":true,"href":"https:\/\/ceramicascalaf.com\/fr\/wp-json\/wp\/v2\/product_brand?post=6948"},{"taxonomy":"product_cat","embeddable":true,"href":"https:\/\/ceramicascalaf.com\/fr\/wp-json\/wp\/v2\/product_cat?post=6948"},{"taxonomy":"product_tag","embeddable":true,"href":"https:\/\/ceramicascalaf.com\/fr\/wp-json\/wp\/v2\/product_tag?post=6948"}],"curies":[{"name":"wp","href":"https:\/\/api.w.org\/{rel}","templated":true}]}}