{"id":7234,"date":"2025-07-10T13:05:48","date_gmt":"2025-07-10T13:05:48","guid":{"rendered":"https:\/\/ceramicascalaf.com\/producto\/hexagonal-20x20x14-barcelona-pink\/"},"modified":"2025-07-10T13:05:48","modified_gmt":"2025-07-10T13:05:48","slug":"hexagonal-20x20x14-barcelona-pink","status":"publish","type":"product","link":"https:\/\/ceramicascalaf.com\/fr\/produit\/hexagonal-20x20x14-barcelona-pink\/","title":{"rendered":"Hexagonal 20x20x1,4 &#8211; Barcelona Pink"},"content":{"rendered":"","protected":false},"excerpt":{"rendered":"<p>Con\u00e7ue en \u00e9troite collaboration avec nos clients, cette pi\u00e8ce en terre cuite conf\u00e8re personnalit\u00e9 et caract\u00e8re aux sols et aux bordures d\u00e9coratives des maisons, des caves, des jardins et des patios int\u00e9rieurs. Elle allie l&rsquo;essence rustique m\u00e9diterran\u00e9enne \u00e0 un design contemporain et sophistiqu\u00e9, id\u00e9al pour les espaces qui recherchent un \u00e9quilibre entre tradition et modernit\u00e9. <\/p>\n","protected":false},"featured_media":432,"comment_status":"open","ping_status":"closed","template":"","meta":{"_acf_changed":false},"product_brand":[],"product_cat":[736],"product_tag":[],"class_list":{"0":"post-7234","1":"product","2":"type-product","3":"status-publish","4":"has-post-thumbnail","6":"product_cat-barcelone-rose","8":"first","9":"instock","10":"shipping-taxable","11":"product-type-simple"},"acf":[],"_links":{"self":[{"href":"https:\/\/ceramicascalaf.com\/fr\/wp-json\/wp\/v2\/product\/7234","targetHints":{"allow":["GET"]}}],"collection":[{"href":"https:\/\/ceramicascalaf.com\/fr\/wp-json\/wp\/v2\/product"}],"about":[{"href":"https:\/\/ceramicascalaf.com\/fr\/wp-json\/wp\/v2\/types\/product"}],"replies":[{"embeddable":true,"href":"https:\/\/ceramicascalaf.com\/fr\/wp-json\/wp\/v2\/comments?post=7234"}],"wp:featuredmedia":[{"embeddable":true,"href":"https:\/\/ceramicascalaf.com\/fr\/wp-json\/wp\/v2\/media\/432"}],"wp:attachment":[{"href":"https:\/\/ceramicascalaf.com\/fr\/wp-json\/wp\/v2\/media?parent=7234"}],"wp:term":[{"taxonomy":"product_brand","embeddable":true,"href":"https:\/\/ceramicascalaf.com\/fr\/wp-json\/wp\/v2\/product_brand?post=7234"},{"taxonomy":"product_cat","embeddable":true,"href":"https:\/\/ceramicascalaf.com\/fr\/wp-json\/wp\/v2\/product_cat?post=7234"},{"taxonomy":"product_tag","embeddable":true,"href":"https:\/\/ceramicascalaf.com\/fr\/wp-json\/wp\/v2\/product_tag?post=7234"}],"curies":[{"name":"wp","href":"https:\/\/api.w.org\/{rel}","templated":true}]}}