{"id":7253,"date":"2025-07-16T09:51:11","date_gmt":"2025-07-16T09:51:11","guid":{"rendered":"https:\/\/ceramicascalaf.com\/?post_type=product&#038;p=7253"},"modified":"2026-01-29T13:01:08","modified_gmt":"2026-01-29T13:01:08","slug":"boite-a-echasses-27x65-gauche-droite-montserrat-beige","status":"publish","type":"product","link":"https:\/\/ceramicascalaf.com\/fr\/produit\/boite-a-echasses-27x65-gauche-droite-montserrat-beige\/","title":{"rendered":"Bo\u00eete \u00e0 \u00e9chasses 27&#215;6,5 Gauche\/Droite. &#8211; Montserrat Beige"},"content":{"rendered":"","protected":false},"excerpt":{"rendered":"<p>L&rsquo;\u00e9chafaudage droit de la s\u00e9rie Montserrat est fabriqu\u00e9 selon un processus d&rsquo;extrusion et de d\u00e9coupe \u00e0 l&rsquo;eau qui garantit une finition pr\u00e9cise et propre de votre escalier. Disponible en version \u00ab\u00a0gauche\u00a0\u00bb et \u00ab\u00a0droite\u00a0\u00bb, cette pi\u00e8ce est id\u00e9ale pour ajouter une touche de perfection et d&rsquo;\u00e9l\u00e9gance \u00e0 n&rsquo;importe quel projet. <\/p>\n","protected":false},"featured_media":7953,"comment_status":"open","ping_status":"closed","template":"","meta":{"_acf_changed":false},"product_brand":[],"product_cat":[790],"product_tag":[],"class_list":{"0":"post-7253","1":"product","2":"type-product","3":"status-publish","4":"has-post-thumbnail","6":"product_cat-montserrat-beige","8":"first","9":"instock","10":"shipping-taxable","11":"product-type-simple"},"acf":[],"_links":{"self":[{"href":"https:\/\/ceramicascalaf.com\/fr\/wp-json\/wp\/v2\/product\/7253","targetHints":{"allow":["GET"]}}],"collection":[{"href":"https:\/\/ceramicascalaf.com\/fr\/wp-json\/wp\/v2\/product"}],"about":[{"href":"https:\/\/ceramicascalaf.com\/fr\/wp-json\/wp\/v2\/types\/product"}],"replies":[{"embeddable":true,"href":"https:\/\/ceramicascalaf.com\/fr\/wp-json\/wp\/v2\/comments?post=7253"}],"wp:featuredmedia":[{"embeddable":true,"href":"https:\/\/ceramicascalaf.com\/fr\/wp-json\/wp\/v2\/media\/7953"}],"wp:attachment":[{"href":"https:\/\/ceramicascalaf.com\/fr\/wp-json\/wp\/v2\/media?parent=7253"}],"wp:term":[{"taxonomy":"product_brand","embeddable":true,"href":"https:\/\/ceramicascalaf.com\/fr\/wp-json\/wp\/v2\/product_brand?post=7253"},{"taxonomy":"product_cat","embeddable":true,"href":"https:\/\/ceramicascalaf.com\/fr\/wp-json\/wp\/v2\/product_cat?post=7253"},{"taxonomy":"product_tag","embeddable":true,"href":"https:\/\/ceramicascalaf.com\/fr\/wp-json\/wp\/v2\/product_tag?post=7253"}],"curies":[{"name":"wp","href":"https:\/\/api.w.org\/{rel}","templated":true}]}}