{"id":7271,"date":"2025-07-16T09:51:11","date_gmt":"2025-07-16T09:51:11","guid":{"rendered":"https:\/\/ceramicascalaf.com\/producto\/etape-28x33-biseautee-barcelona-clear\/"},"modified":"2025-07-16T09:51:11","modified_gmt":"2025-07-16T09:51:11","slug":"etape-28x33-biseautee-barcelona-clear","status":"publish","type":"product","link":"https:\/\/ceramicascalaf.com\/fr\/produit\/etape-28x33-biseautee-barcelona-clear\/","title":{"rendered":"\u00c9tape 28&#215;33 biseaut\u00e9e &#8211; Barcelona Clear"},"content":{"rendered":"","protected":false},"excerpt":{"rendered":"<p>Pi\u00e8ces sp\u00e9ciales tr\u00e8s demand\u00e9es, alliant fonctionnalit\u00e9 et esth\u00e9tique, cette marche incorpore des bandes antid\u00e9rapantes qui garantissent la s\u00e9curit\u00e9 \u00e0 chaque pas. Sa base sp\u00e9ciale emp\u00eache les gouttes de couler sur le mur, ce qui facilite l&rsquo;installation et l&rsquo;entretien. Une solution pratique et \u00e9conomique qui r\u00e9pond aux besoins r\u00e9els de tout projet.  <\/p>\n","protected":false},"featured_media":6211,"comment_status":"open","ping_status":"closed","template":"","meta":{"_acf_changed":false},"product_brand":[],"product_cat":[800],"product_tag":[],"class_list":{"0":"post-7271","1":"product","2":"type-product","3":"status-publish","4":"has-post-thumbnail","6":"product_cat-barcelone-claro","8":"first","9":"instock","10":"shipping-taxable","11":"product-type-simple"},"acf":[],"_links":{"self":[{"href":"https:\/\/ceramicascalaf.com\/fr\/wp-json\/wp\/v2\/product\/7271","targetHints":{"allow":["GET"]}}],"collection":[{"href":"https:\/\/ceramicascalaf.com\/fr\/wp-json\/wp\/v2\/product"}],"about":[{"href":"https:\/\/ceramicascalaf.com\/fr\/wp-json\/wp\/v2\/types\/product"}],"replies":[{"embeddable":true,"href":"https:\/\/ceramicascalaf.com\/fr\/wp-json\/wp\/v2\/comments?post=7271"}],"wp:featuredmedia":[{"embeddable":true,"href":"https:\/\/ceramicascalaf.com\/fr\/wp-json\/wp\/v2\/media\/6211"}],"wp:attachment":[{"href":"https:\/\/ceramicascalaf.com\/fr\/wp-json\/wp\/v2\/media?parent=7271"}],"wp:term":[{"taxonomy":"product_brand","embeddable":true,"href":"https:\/\/ceramicascalaf.com\/fr\/wp-json\/wp\/v2\/product_brand?post=7271"},{"taxonomy":"product_cat","embeddable":true,"href":"https:\/\/ceramicascalaf.com\/fr\/wp-json\/wp\/v2\/product_cat?post=7271"},{"taxonomy":"product_tag","embeddable":true,"href":"https:\/\/ceramicascalaf.com\/fr\/wp-json\/wp\/v2\/product_tag?post=7271"}],"curies":[{"name":"wp","href":"https:\/\/api.w.org\/{rel}","templated":true}]}}