{"id":7278,"date":"2025-07-16T09:51:16","date_gmt":"2025-07-16T09:51:16","guid":{"rendered":"https:\/\/ceramicascalaf.com\/producto\/pierre-de-taille-135x27x25-biseautee-montserrat-beige\/"},"modified":"2025-07-16T09:51:16","modified_gmt":"2025-07-16T09:51:16","slug":"pierre-de-taille-135x27x25-biseautee-montserrat-beige","status":"publish","type":"product","link":"https:\/\/ceramicascalaf.com\/fr\/produit\/pierre-de-taille-135x27x25-biseautee-montserrat-beige\/","title":{"rendered":"Pierre de taille 13,5x27x2,5 biseaut\u00e9e &#8211; Montserrat Beige"},"content":{"rendered":"","protected":false},"excerpt":{"rendered":"<p>Le pav\u00e9 de 25 mm de la s\u00e9rie Montserrat est con\u00e7u pour supporter un trafic intense et offre une r\u00e9sistance exceptionnelle. Id\u00e9ale pour les applications dans les parcs, les espaces publics et les all\u00e9es, cette pi\u00e8ce se distingue par sa durabilit\u00e9, ce qui lui permet d&rsquo;\u00eatre install\u00e9e sans mortier, simplement sur une base de terre compact\u00e9e. Une solution robuste et de haute qualit\u00e9 pour des projets exigeants.  <\/p>\n","protected":false},"featured_media":7890,"comment_status":"open","ping_status":"closed","template":"","meta":{"_acf_changed":false},"product_brand":[],"product_cat":[790],"product_tag":[],"class_list":{"0":"post-7278","1":"product","2":"type-product","3":"status-publish","4":"has-post-thumbnail","6":"product_cat-montserrat-beige","8":"first","9":"instock","10":"shipping-taxable","11":"product-type-simple"},"acf":[],"_links":{"self":[{"href":"https:\/\/ceramicascalaf.com\/fr\/wp-json\/wp\/v2\/product\/7278","targetHints":{"allow":["GET"]}}],"collection":[{"href":"https:\/\/ceramicascalaf.com\/fr\/wp-json\/wp\/v2\/product"}],"about":[{"href":"https:\/\/ceramicascalaf.com\/fr\/wp-json\/wp\/v2\/types\/product"}],"replies":[{"embeddable":true,"href":"https:\/\/ceramicascalaf.com\/fr\/wp-json\/wp\/v2\/comments?post=7278"}],"wp:featuredmedia":[{"embeddable":true,"href":"https:\/\/ceramicascalaf.com\/fr\/wp-json\/wp\/v2\/media\/7890"}],"wp:attachment":[{"href":"https:\/\/ceramicascalaf.com\/fr\/wp-json\/wp\/v2\/media?parent=7278"}],"wp:term":[{"taxonomy":"product_brand","embeddable":true,"href":"https:\/\/ceramicascalaf.com\/fr\/wp-json\/wp\/v2\/product_brand?post=7278"},{"taxonomy":"product_cat","embeddable":true,"href":"https:\/\/ceramicascalaf.com\/fr\/wp-json\/wp\/v2\/product_cat?post=7278"},{"taxonomy":"product_tag","embeddable":true,"href":"https:\/\/ceramicascalaf.com\/fr\/wp-json\/wp\/v2\/product_tag?post=7278"}],"curies":[{"name":"wp","href":"https:\/\/api.w.org\/{rel}","templated":true}]}}