{"id":7315,"date":"2025-09-24T10:46:32","date_gmt":"2025-09-24T10:46:32","guid":{"rendered":"https:\/\/ceramicascalaf.com\/producto\/main-courante-27x19-int-15-rouge-montserrat\/"},"modified":"2025-09-24T10:46:32","modified_gmt":"2025-09-24T10:46:32","slug":"main-courante-27x19-int-15-rouge-montserrat","status":"publish","type":"product","link":"https:\/\/ceramicascalaf.com\/fr\/produit\/main-courante-27x19-int-15-rouge-montserrat\/","title":{"rendered":"Main courante 27&#215;19 (int.15) &#8211; Rouge Montserrat"},"content":{"rendered":"","protected":false},"excerpt":{"rendered":"<p>La main courante de la s\u00e9rie Montserrat est con\u00e7ue comme un \u00e9l\u00e9ment de finition des murs ext\u00e9rieurs (rev\u00eatements muraux). Sa finition sp\u00e9cialis\u00e9e emp\u00eache la p\u00e9n\u00e9tration de l&rsquo;eau \u00e0 l&rsquo;int\u00e9rieur du mur, garantissant ainsi une plus grande protection et durabilit\u00e9 des structures. Une solution efficace et esth\u00e9tique pour pr\u00e9server l&rsquo;int\u00e9grit\u00e9 de vos murs.  <\/p>\n","protected":false},"featured_media":6161,"comment_status":"open","ping_status":"closed","template":"","meta":{"_acf_changed":false},"product_brand":[],"product_cat":[826],"product_tag":[],"class_list":{"0":"post-7315","1":"product","2":"type-product","3":"status-publish","4":"has-post-thumbnail","6":"product_cat-montserrat-rojo","8":"first","9":"instock","10":"shipping-taxable","11":"product-type-simple"},"acf":[],"_links":{"self":[{"href":"https:\/\/ceramicascalaf.com\/fr\/wp-json\/wp\/v2\/product\/7315","targetHints":{"allow":["GET"]}}],"collection":[{"href":"https:\/\/ceramicascalaf.com\/fr\/wp-json\/wp\/v2\/product"}],"about":[{"href":"https:\/\/ceramicascalaf.com\/fr\/wp-json\/wp\/v2\/types\/product"}],"replies":[{"embeddable":true,"href":"https:\/\/ceramicascalaf.com\/fr\/wp-json\/wp\/v2\/comments?post=7315"}],"wp:featuredmedia":[{"embeddable":true,"href":"https:\/\/ceramicascalaf.com\/fr\/wp-json\/wp\/v2\/media\/6161"}],"wp:attachment":[{"href":"https:\/\/ceramicascalaf.com\/fr\/wp-json\/wp\/v2\/media?parent=7315"}],"wp:term":[{"taxonomy":"product_brand","embeddable":true,"href":"https:\/\/ceramicascalaf.com\/fr\/wp-json\/wp\/v2\/product_brand?post=7315"},{"taxonomy":"product_cat","embeddable":true,"href":"https:\/\/ceramicascalaf.com\/fr\/wp-json\/wp\/v2\/product_cat?post=7315"},{"taxonomy":"product_tag","embeddable":true,"href":"https:\/\/ceramicascalaf.com\/fr\/wp-json\/wp\/v2\/product_tag?post=7315"}],"curies":[{"name":"wp","href":"https:\/\/api.w.org\/{rel}","templated":true}]}}