{"id":7316,"date":"2025-09-24T10:46:26","date_gmt":"2025-09-24T10:46:26","guid":{"rendered":"https:\/\/ceramicascalaf.com\/producto\/socle-274x65-rouge-montserrat\/"},"modified":"2025-09-24T10:46:26","modified_gmt":"2025-09-24T10:46:26","slug":"socle-274x65-rouge-montserrat","status":"publish","type":"product","link":"https:\/\/ceramicascalaf.com\/fr\/produit\/socle-274x65-rouge-montserrat\/","title":{"rendered":"Socle 27,4&#215;6,5 &#8211; Rouge Montserrat"},"content":{"rendered":"","protected":false},"excerpt":{"rendered":"<p>La plinthe de la s\u00e9rie Montserrat est la touche finale id\u00e9ale pour vos murs, compl\u00e9tant parfaitement notre base. Son design simple et \u00e9l\u00e9gant offre une finition propre et professionnelle, rehaussant l&rsquo;esth\u00e9tique de n&rsquo;importe quel espace. <\/p>\n","protected":false},"featured_media":6170,"comment_status":"open","ping_status":"closed","template":"","meta":{"_acf_changed":false},"product_brand":[],"product_cat":[826],"product_tag":[],"class_list":{"0":"post-7316","1":"product","2":"type-product","3":"status-publish","4":"has-post-thumbnail","6":"product_cat-montserrat-rojo","8":"first","9":"instock","10":"shipping-taxable","11":"product-type-simple"},"acf":[],"_links":{"self":[{"href":"https:\/\/ceramicascalaf.com\/fr\/wp-json\/wp\/v2\/product\/7316","targetHints":{"allow":["GET"]}}],"collection":[{"href":"https:\/\/ceramicascalaf.com\/fr\/wp-json\/wp\/v2\/product"}],"about":[{"href":"https:\/\/ceramicascalaf.com\/fr\/wp-json\/wp\/v2\/types\/product"}],"replies":[{"embeddable":true,"href":"https:\/\/ceramicascalaf.com\/fr\/wp-json\/wp\/v2\/comments?post=7316"}],"wp:featuredmedia":[{"embeddable":true,"href":"https:\/\/ceramicascalaf.com\/fr\/wp-json\/wp\/v2\/media\/6170"}],"wp:attachment":[{"href":"https:\/\/ceramicascalaf.com\/fr\/wp-json\/wp\/v2\/media?parent=7316"}],"wp:term":[{"taxonomy":"product_brand","embeddable":true,"href":"https:\/\/ceramicascalaf.com\/fr\/wp-json\/wp\/v2\/product_brand?post=7316"},{"taxonomy":"product_cat","embeddable":true,"href":"https:\/\/ceramicascalaf.com\/fr\/wp-json\/wp\/v2\/product_cat?post=7316"},{"taxonomy":"product_tag","embeddable":true,"href":"https:\/\/ceramicascalaf.com\/fr\/wp-json\/wp\/v2\/product_tag?post=7316"}],"curies":[{"name":"wp","href":"https:\/\/api.w.org\/{rel}","templated":true}]}}