{"id":7324,"date":"2025-09-24T10:46:32","date_gmt":"2025-09-24T10:46:32","guid":{"rendered":"https:\/\/ceramicascalaf.com\/producto\/etape-27x31-biseautee-rouge-montserrat\/"},"modified":"2025-09-24T10:46:32","modified_gmt":"2025-09-24T10:46:32","slug":"etape-27x31-biseautee-rouge-montserrat","status":"publish","type":"product","link":"https:\/\/ceramicascalaf.com\/fr\/produit\/etape-27x31-biseautee-rouge-montserrat\/","title":{"rendered":"\u00c9tape 27&#215;31 Biseaut\u00e9e &#8211; Rouge Montserrat"},"content":{"rendered":"","protected":false},"excerpt":{"rendered":"<p>La marche de la s\u00e9rie Montserrat est notre pi\u00e8ce sp\u00e9ciale la plus demand\u00e9e, con\u00e7ue pour offrir un maximum de s\u00e9curit\u00e9 et de fonctionnalit\u00e9. Ses bandes antid\u00e9rapantes garantissent une marche ferme, tandis que sa base emp\u00eache les gouttes de couler sur le mur, assurant une finition propre et durable. D&rsquo;un excellent rapport qualit\u00e9-prix, c&rsquo;est le choix parfait pour s&rsquo;adapter au budget de n&rsquo;importe quel projet sans faire de compromis sur la performance ou l&rsquo;esth\u00e9tique.  <\/p>\n","protected":false},"featured_media":6165,"comment_status":"open","ping_status":"closed","template":"","meta":{"_acf_changed":false},"product_brand":[],"product_cat":[826],"product_tag":[],"class_list":{"0":"post-7324","1":"product","2":"type-product","3":"status-publish","4":"has-post-thumbnail","6":"product_cat-montserrat-rojo","8":"first","9":"instock","10":"shipping-taxable","11":"product-type-simple"},"acf":[],"_links":{"self":[{"href":"https:\/\/ceramicascalaf.com\/fr\/wp-json\/wp\/v2\/product\/7324","targetHints":{"allow":["GET"]}}],"collection":[{"href":"https:\/\/ceramicascalaf.com\/fr\/wp-json\/wp\/v2\/product"}],"about":[{"href":"https:\/\/ceramicascalaf.com\/fr\/wp-json\/wp\/v2\/types\/product"}],"replies":[{"embeddable":true,"href":"https:\/\/ceramicascalaf.com\/fr\/wp-json\/wp\/v2\/comments?post=7324"}],"wp:featuredmedia":[{"embeddable":true,"href":"https:\/\/ceramicascalaf.com\/fr\/wp-json\/wp\/v2\/media\/6165"}],"wp:attachment":[{"href":"https:\/\/ceramicascalaf.com\/fr\/wp-json\/wp\/v2\/media?parent=7324"}],"wp:term":[{"taxonomy":"product_brand","embeddable":true,"href":"https:\/\/ceramicascalaf.com\/fr\/wp-json\/wp\/v2\/product_brand?post=7324"},{"taxonomy":"product_cat","embeddable":true,"href":"https:\/\/ceramicascalaf.com\/fr\/wp-json\/wp\/v2\/product_cat?post=7324"},{"taxonomy":"product_tag","embeddable":true,"href":"https:\/\/ceramicascalaf.com\/fr\/wp-json\/wp\/v2\/product_tag?post=7324"}],"curies":[{"name":"wp","href":"https:\/\/api.w.org\/{rel}","templated":true}]}}