{"id":7335,"date":"2025-09-24T10:46:33","date_gmt":"2025-09-24T10:46:33","guid":{"rendered":"https:\/\/ceramicascalaf.com\/producto\/27x65-rouge-rouge-montserrat\/"},"modified":"2025-09-24T10:46:33","modified_gmt":"2025-09-24T10:46:33","slug":"27x65-rouge-rouge-montserrat","status":"publish","type":"product","link":"https:\/\/ceramicascalaf.com\/fr\/produit\/27x65-rouge-rouge-montserrat\/","title":{"rendered":"27&#215;6,5 ROUGE &#8211; Rouge Montserrat"},"content":{"rendered":"","protected":false},"excerpt":{"rendered":"<p>Le carrelage de la s\u00e9rie Montserrat est le rev\u00eatement mural id\u00e9al, tant \u00e0 l&rsquo;int\u00e9rieur qu&rsquo;\u00e0 l&rsquo;ext\u00e9rieur. Fabriqu\u00e9 en gr\u00e8s de haute qualit\u00e9, son design soigneusement \u00e9tudi\u00e9 assure une adh\u00e9sion ferme, garantissant la stabilit\u00e9 et la durabilit\u00e9 de chaque installation. Disponible en diff\u00e9rents formats et couleurs d&rsquo;\u00e9mail pour s&rsquo;adapter \u00e0 n&rsquo;importe quel projet.  <\/p>\n","protected":false},"featured_media":6171,"comment_status":"open","ping_status":"closed","template":"","meta":{"_acf_changed":false},"product_brand":[],"product_cat":[826],"product_tag":[],"class_list":{"0":"post-7335","1":"product","2":"type-product","3":"status-publish","4":"has-post-thumbnail","6":"product_cat-montserrat-rojo","8":"first","9":"instock","10":"shipping-taxable","11":"product-type-simple"},"acf":[],"_links":{"self":[{"href":"https:\/\/ceramicascalaf.com\/fr\/wp-json\/wp\/v2\/product\/7335","targetHints":{"allow":["GET"]}}],"collection":[{"href":"https:\/\/ceramicascalaf.com\/fr\/wp-json\/wp\/v2\/product"}],"about":[{"href":"https:\/\/ceramicascalaf.com\/fr\/wp-json\/wp\/v2\/types\/product"}],"replies":[{"embeddable":true,"href":"https:\/\/ceramicascalaf.com\/fr\/wp-json\/wp\/v2\/comments?post=7335"}],"wp:featuredmedia":[{"embeddable":true,"href":"https:\/\/ceramicascalaf.com\/fr\/wp-json\/wp\/v2\/media\/6171"}],"wp:attachment":[{"href":"https:\/\/ceramicascalaf.com\/fr\/wp-json\/wp\/v2\/media?parent=7335"}],"wp:term":[{"taxonomy":"product_brand","embeddable":true,"href":"https:\/\/ceramicascalaf.com\/fr\/wp-json\/wp\/v2\/product_brand?post=7335"},{"taxonomy":"product_cat","embeddable":true,"href":"https:\/\/ceramicascalaf.com\/fr\/wp-json\/wp\/v2\/product_cat?post=7335"},{"taxonomy":"product_tag","embeddable":true,"href":"https:\/\/ceramicascalaf.com\/fr\/wp-json\/wp\/v2\/product_tag?post=7335"}],"curies":[{"name":"wp","href":"https:\/\/api.w.org\/{rel}","templated":true}]}}