{"id":7365,"date":"2025-09-24T10:46:32","date_gmt":"2025-09-24T10:46:32","guid":{"rendered":"https:\/\/ceramicascalaf.com\/producto\/bordure-de-piscine-27x31-biseautee-montserrat-red\/"},"modified":"2025-09-24T10:46:32","modified_gmt":"2025-09-24T10:46:32","slug":"bordure-de-piscine-27x31-biseautee-montserrat-red","status":"publish","type":"product","link":"https:\/\/ceramicascalaf.com\/fr\/produit\/bordure-de-piscine-27x31-biseautee-montserrat-red\/","title":{"rendered":"Bordure de piscine 27&#215;31 biseaut\u00e9e &#8211; Montserrat Red"},"content":{"rendered":"","protected":false},"excerpt":{"rendered":"<p>La margelle de piscine de la s\u00e9rie Montserrat est fabriqu\u00e9e en gr\u00e8s de haute qualit\u00e9, offrant une int\u00e9gration parfaite et durable pour vos projets de piscine. Comme le reste de notre catalogue, elle se distingue par sa r\u00e9sistance sup\u00e9rieure aux produits chimiques, garantissant sa durabilit\u00e9 et sa performance dans des conditions exigeantes. <\/p>\n","protected":false},"featured_media":6160,"comment_status":"open","ping_status":"closed","template":"","meta":{"_acf_changed":false},"product_brand":[],"product_cat":[826],"product_tag":[],"class_list":{"0":"post-7365","1":"product","2":"type-product","3":"status-publish","4":"has-post-thumbnail","6":"product_cat-montserrat-rojo","8":"first","9":"instock","10":"shipping-taxable","11":"product-type-simple"},"acf":[],"_links":{"self":[{"href":"https:\/\/ceramicascalaf.com\/fr\/wp-json\/wp\/v2\/product\/7365","targetHints":{"allow":["GET"]}}],"collection":[{"href":"https:\/\/ceramicascalaf.com\/fr\/wp-json\/wp\/v2\/product"}],"about":[{"href":"https:\/\/ceramicascalaf.com\/fr\/wp-json\/wp\/v2\/types\/product"}],"replies":[{"embeddable":true,"href":"https:\/\/ceramicascalaf.com\/fr\/wp-json\/wp\/v2\/comments?post=7365"}],"wp:featuredmedia":[{"embeddable":true,"href":"https:\/\/ceramicascalaf.com\/fr\/wp-json\/wp\/v2\/media\/6160"}],"wp:attachment":[{"href":"https:\/\/ceramicascalaf.com\/fr\/wp-json\/wp\/v2\/media?parent=7365"}],"wp:term":[{"taxonomy":"product_brand","embeddable":true,"href":"https:\/\/ceramicascalaf.com\/fr\/wp-json\/wp\/v2\/product_brand?post=7365"},{"taxonomy":"product_cat","embeddable":true,"href":"https:\/\/ceramicascalaf.com\/fr\/wp-json\/wp\/v2\/product_cat?post=7365"},{"taxonomy":"product_tag","embeddable":true,"href":"https:\/\/ceramicascalaf.com\/fr\/wp-json\/wp\/v2\/product_tag?post=7365"}],"curies":[{"name":"wp","href":"https:\/\/api.w.org\/{rel}","templated":true}]}}