{"id":7494,"date":"2025-09-25T08:54:14","date_gmt":"2025-09-25T08:54:14","guid":{"rendered":"https:\/\/ceramicascalaf.com\/producto\/etape-27x31-biseautee-cadi-rustico\/"},"modified":"2025-09-25T08:54:14","modified_gmt":"2025-09-25T08:54:14","slug":"etape-27x31-biseautee-cadi-rustico","status":"publish","type":"product","link":"https:\/\/ceramicascalaf.com\/fr\/produit\/etape-27x31-biseautee-cadi-rustico\/","title":{"rendered":"\u00c9tape 27&#215;31 Biseaut\u00e9e &#8211; Cad\u00ed R\u00fastico"},"content":{"rendered":"","protected":false},"excerpt":{"rendered":"","protected":false},"featured_media":6192,"comment_status":"open","ping_status":"closed","template":"","meta":{"_acf_changed":false},"product_brand":[],"product_cat":[886],"product_tag":[],"class_list":{"0":"post-7494","1":"product","2":"type-product","3":"status-publish","4":"has-post-thumbnail","6":"product_cat-cadi-rustico","8":"first","9":"instock","10":"featured","11":"shipping-taxable","12":"product-type-simple"},"acf":[],"_links":{"self":[{"href":"https:\/\/ceramicascalaf.com\/fr\/wp-json\/wp\/v2\/product\/7494","targetHints":{"allow":["GET"]}}],"collection":[{"href":"https:\/\/ceramicascalaf.com\/fr\/wp-json\/wp\/v2\/product"}],"about":[{"href":"https:\/\/ceramicascalaf.com\/fr\/wp-json\/wp\/v2\/types\/product"}],"replies":[{"embeddable":true,"href":"https:\/\/ceramicascalaf.com\/fr\/wp-json\/wp\/v2\/comments?post=7494"}],"wp:featuredmedia":[{"embeddable":true,"href":"https:\/\/ceramicascalaf.com\/fr\/wp-json\/wp\/v2\/media\/6192"}],"wp:attachment":[{"href":"https:\/\/ceramicascalaf.com\/fr\/wp-json\/wp\/v2\/media?parent=7494"}],"wp:term":[{"taxonomy":"product_brand","embeddable":true,"href":"https:\/\/ceramicascalaf.com\/fr\/wp-json\/wp\/v2\/product_brand?post=7494"},{"taxonomy":"product_cat","embeddable":true,"href":"https:\/\/ceramicascalaf.com\/fr\/wp-json\/wp\/v2\/product_cat?post=7494"},{"taxonomy":"product_tag","embeddable":true,"href":"https:\/\/ceramicascalaf.com\/fr\/wp-json\/wp\/v2\/product_tag?post=7494"}],"curies":[{"name":"wp","href":"https:\/\/api.w.org\/{rel}","templated":true}]}}