{"id":7581,"date":"2025-07-10T13:05:47","date_gmt":"2025-07-10T13:05:47","guid":{"rendered":"https:\/\/ceramicascalaf.com\/?post_type=product&#038;p=7581"},"modified":"2026-01-29T09:17:12","modified_gmt":"2026-01-29T09:17:12","slug":"base-37x37x16-biseautee-barcelona-pink","status":"publish","type":"product","link":"https:\/\/ceramicascalaf.com\/fr\/produit\/base-37x37x16-biseautee-barcelona-pink\/","title":{"rendered":"Base 37x37x1,6 biseaut\u00e9e &#8211; Barcelona Pink"},"content":{"rendered":"","protected":false},"excerpt":{"rendered":"<p>Pi\u00e8ces de 16 mm d&rsquo;\u00e9paisseur, con\u00e7ues pour supporter un trafic moyen avec une grande rigidit\u00e9 et durabilit\u00e9. Elles offrent d&rsquo;excellentes performances en mati\u00e8re de flexion, de glissement, d&rsquo;abrasion et de r\u00e9sistance aux taches. Disponibles dans une grande vari\u00e9t\u00e9 de couleurs, de finitions et de traitements pour s&rsquo;adapter \u00e0 n&rsquo;importe quel projet avec style et fonctionnalit\u00e9.<br \/>\n*Traitements suppl\u00e9mentaires optionnels*<br \/>\n*Personnalisez votre produit avec nos traitements suppl\u00e9mentaires optionnels, con\u00e7us pour am\u00e9liorer la durabilit\u00e9, l&rsquo;esth\u00e9tique et la fonctionnalit\u00e9 en fonction des besoins de votre projet.  <\/p>\n","protected":false},"featured_media":7825,"comment_status":"open","ping_status":"closed","template":"","meta":{"_acf_changed":false},"product_brand":[],"product_cat":[736],"product_tag":[],"class_list":{"0":"post-7581","1":"product","2":"type-product","3":"status-publish","4":"has-post-thumbnail","6":"product_cat-barcelone-rose","8":"first","9":"instock","10":"shipping-taxable","11":"product-type-simple"},"acf":[],"_links":{"self":[{"href":"https:\/\/ceramicascalaf.com\/fr\/wp-json\/wp\/v2\/product\/7581","targetHints":{"allow":["GET"]}}],"collection":[{"href":"https:\/\/ceramicascalaf.com\/fr\/wp-json\/wp\/v2\/product"}],"about":[{"href":"https:\/\/ceramicascalaf.com\/fr\/wp-json\/wp\/v2\/types\/product"}],"replies":[{"embeddable":true,"href":"https:\/\/ceramicascalaf.com\/fr\/wp-json\/wp\/v2\/comments?post=7581"}],"wp:featuredmedia":[{"embeddable":true,"href":"https:\/\/ceramicascalaf.com\/fr\/wp-json\/wp\/v2\/media\/7825"}],"wp:attachment":[{"href":"https:\/\/ceramicascalaf.com\/fr\/wp-json\/wp\/v2\/media?parent=7581"}],"wp:term":[{"taxonomy":"product_brand","embeddable":true,"href":"https:\/\/ceramicascalaf.com\/fr\/wp-json\/wp\/v2\/product_brand?post=7581"},{"taxonomy":"product_cat","embeddable":true,"href":"https:\/\/ceramicascalaf.com\/fr\/wp-json\/wp\/v2\/product_cat?post=7581"},{"taxonomy":"product_tag","embeddable":true,"href":"https:\/\/ceramicascalaf.com\/fr\/wp-json\/wp\/v2\/product_tag?post=7581"}],"curies":[{"name":"wp","href":"https:\/\/api.w.org\/{rel}","templated":true}]}}