{"id":7593,"date":"2025-07-10T13:05:47","date_gmt":"2025-07-10T13:05:47","guid":{"rendered":"https:\/\/ceramicascalaf.com\/producto\/rasilla-fina-1a-137x28x13-barcelona-rosado\/"},"modified":"2025-07-10T13:05:47","modified_gmt":"2025-07-10T13:05:47","slug":"rasilla-fina-1a-137x28x13-barcelona-rosado","status":"publish","type":"product","link":"https:\/\/ceramicascalaf.com\/fr\/produit\/rasilla-fina-1a-137x28x13-barcelona-rosado\/","title":{"rendered":"Rasilla Fina 1\u00aa 13,7x28x1,3 &#8211; Barcelona Rosado"},"content":{"rendered":"","protected":false},"excerpt":{"rendered":"<p>Notre pi\u00e8ce de base de 13 mm pour trafic l\u00e9ger est l&rsquo;une des plus populaires du catalogue, gr\u00e2ce \u00e0 sa polyvalence et \u00e0 son adaptabilit\u00e9. Id\u00e9ale pour les patios, les terrasses, les mus\u00e9es, les greniers ou m\u00eame pour niveler les terrains, elle se distingue par son fond optimis\u00e9 qui garantit une excellente adh\u00e9rence au sol. Elle est \u00e9galement disponible dans une version exclusive en gr\u00e8s pour les projets qui recherchent une plus grande durabilit\u00e9 et un plus grand style.  <\/p>\n","protected":false},"featured_media":423,"comment_status":"open","ping_status":"closed","template":"","meta":{"_acf_changed":false},"product_brand":[],"product_cat":[736],"product_tag":[],"class_list":{"0":"post-7593","1":"product","2":"type-product","3":"status-publish","4":"has-post-thumbnail","6":"product_cat-barcelone-rose","8":"first","9":"instock","10":"shipping-taxable","11":"product-type-simple"},"acf":[],"_links":{"self":[{"href":"https:\/\/ceramicascalaf.com\/fr\/wp-json\/wp\/v2\/product\/7593","targetHints":{"allow":["GET"]}}],"collection":[{"href":"https:\/\/ceramicascalaf.com\/fr\/wp-json\/wp\/v2\/product"}],"about":[{"href":"https:\/\/ceramicascalaf.com\/fr\/wp-json\/wp\/v2\/types\/product"}],"replies":[{"embeddable":true,"href":"https:\/\/ceramicascalaf.com\/fr\/wp-json\/wp\/v2\/comments?post=7593"}],"wp:featuredmedia":[{"embeddable":true,"href":"https:\/\/ceramicascalaf.com\/fr\/wp-json\/wp\/v2\/media\/423"}],"wp:attachment":[{"href":"https:\/\/ceramicascalaf.com\/fr\/wp-json\/wp\/v2\/media?parent=7593"}],"wp:term":[{"taxonomy":"product_brand","embeddable":true,"href":"https:\/\/ceramicascalaf.com\/fr\/wp-json\/wp\/v2\/product_brand?post=7593"},{"taxonomy":"product_cat","embeddable":true,"href":"https:\/\/ceramicascalaf.com\/fr\/wp-json\/wp\/v2\/product_cat?post=7593"},{"taxonomy":"product_tag","embeddable":true,"href":"https:\/\/ceramicascalaf.com\/fr\/wp-json\/wp\/v2\/product_tag?post=7593"}],"curies":[{"name":"wp","href":"https:\/\/api.w.org\/{rel}","templated":true}]}}