{"id":7599,"date":"2025-07-10T13:05:47","date_gmt":"2025-07-10T13:05:47","guid":{"rendered":"https:\/\/ceramicascalaf.com\/producto\/rasilla-rape-137x28x13-barcelona-pink\/"},"modified":"2025-07-10T13:05:47","modified_gmt":"2025-07-10T13:05:47","slug":"rasilla-rape-137x28x13-barcelona-pink","status":"publish","type":"product","link":"https:\/\/ceramicascalaf.com\/fr\/produit\/rasilla-rape-137x28x13-barcelona-pink\/","title":{"rendered":"Rasilla R\u00e2p\u00e9 13,7x28x1,3 &#8211; Barcelona Pink"},"content":{"rendered":"","protected":false},"excerpt":{"rendered":"<p>Notre pi\u00e8ce de base de 13 mm pour trafic l\u00e9ger est le best-seller de notre catalogue, gr\u00e2ce \u00e0 sa polyvalence pour de multiples usages : patios, terrasses, mus\u00e9es, greniers, toits et m\u00eame pour le nivellement de terrains. Son fond soigneusement \u00e9tudi\u00e9 garantit une bonne adh\u00e9rence au sol. Elle est \u00e9galement disponible dans une version exclusive en gr\u00e8s, qui apporte durabilit\u00e9 et style \u00e0 tout projet.  <\/p>\n","protected":false},"featured_media":438,"comment_status":"open","ping_status":"closed","template":"","meta":{"_acf_changed":false},"product_brand":[],"product_cat":[736],"product_tag":[],"class_list":{"0":"post-7599","1":"product","2":"type-product","3":"status-publish","4":"has-post-thumbnail","6":"product_cat-barcelone-rose","8":"first","9":"instock","10":"shipping-taxable","11":"product-type-simple"},"acf":[],"_links":{"self":[{"href":"https:\/\/ceramicascalaf.com\/fr\/wp-json\/wp\/v2\/product\/7599","targetHints":{"allow":["GET"]}}],"collection":[{"href":"https:\/\/ceramicascalaf.com\/fr\/wp-json\/wp\/v2\/product"}],"about":[{"href":"https:\/\/ceramicascalaf.com\/fr\/wp-json\/wp\/v2\/types\/product"}],"replies":[{"embeddable":true,"href":"https:\/\/ceramicascalaf.com\/fr\/wp-json\/wp\/v2\/comments?post=7599"}],"wp:featuredmedia":[{"embeddable":true,"href":"https:\/\/ceramicascalaf.com\/fr\/wp-json\/wp\/v2\/media\/438"}],"wp:attachment":[{"href":"https:\/\/ceramicascalaf.com\/fr\/wp-json\/wp\/v2\/media?parent=7599"}],"wp:term":[{"taxonomy":"product_brand","embeddable":true,"href":"https:\/\/ceramicascalaf.com\/fr\/wp-json\/wp\/v2\/product_brand?post=7599"},{"taxonomy":"product_cat","embeddable":true,"href":"https:\/\/ceramicascalaf.com\/fr\/wp-json\/wp\/v2\/product_cat?post=7599"},{"taxonomy":"product_tag","embeddable":true,"href":"https:\/\/ceramicascalaf.com\/fr\/wp-json\/wp\/v2\/product_tag?post=7599"}],"curies":[{"name":"wp","href":"https:\/\/api.w.org\/{rel}","templated":true}]}}