{"id":7640,"date":"2025-07-16T09:51:15","date_gmt":"2025-07-16T09:51:15","guid":{"rendered":"https:\/\/ceramicascalaf.com\/?post_type=product&#038;p=7640"},"modified":"2026-01-29T13:09:51","modified_gmt":"2026-01-29T13:09:51","slug":"base-20x40x16-biseautee-montserrat-beige","status":"publish","type":"product","link":"https:\/\/ceramicascalaf.com\/fr\/produit\/base-20x40x16-biseautee-montserrat-beige\/","title":{"rendered":"Base 20x40x1,6 biseaut\u00e9e &#8211; Montserrat Beige"},"content":{"rendered":"","protected":false},"excerpt":{"rendered":"<p>Les pi\u00e8ces de 16 mm de la s\u00e9rie Montserrat sont con\u00e7ues pour r\u00e9sister \u00e0 un trafic moyen, combinant l&rsquo;\u00e9l\u00e9gance de la terre cuite et du gr\u00e8s avec une r\u00e9sistance in\u00e9gal\u00e9e. Elles sont rigides, durables et offrent des performances exceptionnelles en mati\u00e8re de flexion, de r\u00e9sistance au glissement, \u00e0 l&rsquo;abrasion et aux taches. En outre, vous pouvez choisir parmi une large gamme de couleurs, de finitions et de traitements pour adapter le design \u00e0 vos besoins. Ils sont parfaits pour les projets qui exigent \u00e0 la fois fonctionnalit\u00e9 et esth\u00e9tique.   <\/p>\n","protected":false},"featured_media":7956,"comment_status":"open","ping_status":"closed","template":"","meta":{"_acf_changed":false},"product_brand":[],"product_cat":[790],"product_tag":[],"class_list":{"0":"post-7640","1":"product","2":"type-product","3":"status-publish","4":"has-post-thumbnail","6":"product_cat-montserrat-beige","8":"first","9":"instock","10":"shipping-taxable","11":"product-type-simple"},"acf":[],"_links":{"self":[{"href":"https:\/\/ceramicascalaf.com\/fr\/wp-json\/wp\/v2\/product\/7640","targetHints":{"allow":["GET"]}}],"collection":[{"href":"https:\/\/ceramicascalaf.com\/fr\/wp-json\/wp\/v2\/product"}],"about":[{"href":"https:\/\/ceramicascalaf.com\/fr\/wp-json\/wp\/v2\/types\/product"}],"replies":[{"embeddable":true,"href":"https:\/\/ceramicascalaf.com\/fr\/wp-json\/wp\/v2\/comments?post=7640"}],"wp:featuredmedia":[{"embeddable":true,"href":"https:\/\/ceramicascalaf.com\/fr\/wp-json\/wp\/v2\/media\/7956"}],"wp:attachment":[{"href":"https:\/\/ceramicascalaf.com\/fr\/wp-json\/wp\/v2\/media?parent=7640"}],"wp:term":[{"taxonomy":"product_brand","embeddable":true,"href":"https:\/\/ceramicascalaf.com\/fr\/wp-json\/wp\/v2\/product_brand?post=7640"},{"taxonomy":"product_cat","embeddable":true,"href":"https:\/\/ceramicascalaf.com\/fr\/wp-json\/wp\/v2\/product_cat?post=7640"},{"taxonomy":"product_tag","embeddable":true,"href":"https:\/\/ceramicascalaf.com\/fr\/wp-json\/wp\/v2\/product_tag?post=7640"}],"curies":[{"name":"wp","href":"https:\/\/api.w.org\/{rel}","templated":true}]}}