{"id":7650,"date":"2025-07-16T09:51:15","date_gmt":"2025-07-16T09:51:15","guid":{"rendered":"https:\/\/ceramicascalaf.com\/producto\/etape-274x31-montserrat-beige\/"},"modified":"2025-07-16T09:51:15","modified_gmt":"2025-07-16T09:51:15","slug":"etape-274x31-montserrat-beige","status":"publish","type":"product","link":"https:\/\/ceramicascalaf.com\/fr\/produit\/etape-274x31-montserrat-beige\/","title":{"rendered":"\u00c9tape 27,4&#215;31 &#8211; Montserrat Beige"},"content":{"rendered":"","protected":false},"excerpt":{"rendered":"<p>Le marchepied de la s\u00e9rie Montserrat est notre pi\u00e8ce sp\u00e9ciale la plus demand\u00e9e, con\u00e7ue pour offrir une s\u00e9curit\u00e9 et une fonctionnalit\u00e9 maximales. Les bandes antid\u00e9rapantes garantissent une bonne assise, tandis que la base emp\u00eache les gouttes de couler sur le mur, assurant ainsi une finition propre et durable. D&rsquo;un excellent rapport qualit\u00e9-prix, c&rsquo;est le choix id\u00e9al pour s&rsquo;adapter au budget de n&rsquo;importe quel projet sans compromettre les performances ou l&rsquo;esth\u00e9tique.<\/p>\n","protected":false},"featured_media":7847,"comment_status":"open","ping_status":"closed","template":"","meta":{"_acf_changed":false},"product_brand":[],"product_cat":[790],"product_tag":[],"class_list":{"0":"post-7650","1":"product","2":"type-product","3":"status-publish","4":"has-post-thumbnail","6":"product_cat-montserrat-beige","8":"first","9":"instock","10":"shipping-taxable","11":"product-type-simple"},"acf":[],"_links":{"self":[{"href":"https:\/\/ceramicascalaf.com\/fr\/wp-json\/wp\/v2\/product\/7650","targetHints":{"allow":["GET"]}}],"collection":[{"href":"https:\/\/ceramicascalaf.com\/fr\/wp-json\/wp\/v2\/product"}],"about":[{"href":"https:\/\/ceramicascalaf.com\/fr\/wp-json\/wp\/v2\/types\/product"}],"replies":[{"embeddable":true,"href":"https:\/\/ceramicascalaf.com\/fr\/wp-json\/wp\/v2\/comments?post=7650"}],"wp:featuredmedia":[{"embeddable":true,"href":"https:\/\/ceramicascalaf.com\/fr\/wp-json\/wp\/v2\/media\/7847"}],"wp:attachment":[{"href":"https:\/\/ceramicascalaf.com\/fr\/wp-json\/wp\/v2\/media?parent=7650"}],"wp:term":[{"taxonomy":"product_brand","embeddable":true,"href":"https:\/\/ceramicascalaf.com\/fr\/wp-json\/wp\/v2\/product_brand?post=7650"},{"taxonomy":"product_cat","embeddable":true,"href":"https:\/\/ceramicascalaf.com\/fr\/wp-json\/wp\/v2\/product_cat?post=7650"},{"taxonomy":"product_tag","embeddable":true,"href":"https:\/\/ceramicascalaf.com\/fr\/wp-json\/wp\/v2\/product_tag?post=7650"}],"curies":[{"name":"wp","href":"https:\/\/api.w.org\/{rel}","templated":true}]}}