{"id":7658,"date":"2025-07-16T09:51:15","date_gmt":"2025-07-16T09:51:15","guid":{"rendered":"https:\/\/ceramicascalaf.com\/producto\/clignotant-274x31-montserrat-beige\/"},"modified":"2025-07-16T09:51:15","modified_gmt":"2025-07-16T09:51:15","slug":"clignotant-274x31-montserrat-beige","status":"publish","type":"product","link":"https:\/\/ceramicascalaf.com\/fr\/produit\/clignotant-274x31-montserrat-beige\/","title":{"rendered":"Clignotant 27,4&#215;31 &#8211; Montserrat Beige"},"content":{"rendered":"","protected":false},"excerpt":{"rendered":"<p>Le solin de la s\u00e9rie Montserrat est une pi\u00e8ce tr\u00e8s polyvalente, id\u00e9ale pour un grand nombre d&rsquo;applications. Disponible en diff\u00e9rentes tailles, il est utilis\u00e9 pour la finition des fen\u00eatres, ainsi que dans les piscines traditionnelles ou \u00e0 d\u00e9bordement. Il est \u00e9galement parfait pour les escaliers qui recherchent un design plus moderne, en rempla\u00e7ant la marche arrondie classique. Une solution fonctionnelle et \u00e9l\u00e9gante pour les projets \u00e0 caract\u00e8re contemporain.   <\/p>\n","protected":false},"featured_media":7841,"comment_status":"open","ping_status":"closed","template":"","meta":{"_acf_changed":false},"product_brand":[],"product_cat":[790],"product_tag":[],"class_list":{"0":"post-7658","1":"product","2":"type-product","3":"status-publish","4":"has-post-thumbnail","6":"product_cat-montserrat-beige","8":"first","9":"instock","10":"shipping-taxable","11":"product-type-simple"},"acf":[],"_links":{"self":[{"href":"https:\/\/ceramicascalaf.com\/fr\/wp-json\/wp\/v2\/product\/7658","targetHints":{"allow":["GET"]}}],"collection":[{"href":"https:\/\/ceramicascalaf.com\/fr\/wp-json\/wp\/v2\/product"}],"about":[{"href":"https:\/\/ceramicascalaf.com\/fr\/wp-json\/wp\/v2\/types\/product"}],"replies":[{"embeddable":true,"href":"https:\/\/ceramicascalaf.com\/fr\/wp-json\/wp\/v2\/comments?post=7658"}],"wp:featuredmedia":[{"embeddable":true,"href":"https:\/\/ceramicascalaf.com\/fr\/wp-json\/wp\/v2\/media\/7841"}],"wp:attachment":[{"href":"https:\/\/ceramicascalaf.com\/fr\/wp-json\/wp\/v2\/media?parent=7658"}],"wp:term":[{"taxonomy":"product_brand","embeddable":true,"href":"https:\/\/ceramicascalaf.com\/fr\/wp-json\/wp\/v2\/product_brand?post=7658"},{"taxonomy":"product_cat","embeddable":true,"href":"https:\/\/ceramicascalaf.com\/fr\/wp-json\/wp\/v2\/product_cat?post=7658"},{"taxonomy":"product_tag","embeddable":true,"href":"https:\/\/ceramicascalaf.com\/fr\/wp-json\/wp\/v2\/product_tag?post=7658"}],"curies":[{"name":"wp","href":"https:\/\/api.w.org\/{rel}","templated":true}]}}