{"id":7670,"date":"2025-07-16T09:51:15","date_gmt":"2025-07-16T09:51:15","guid":{"rendered":"https:\/\/ceramicascalaf.com\/producto\/rasilla-19x19x13-montserrat-beige\/"},"modified":"2025-07-16T09:51:15","modified_gmt":"2025-07-16T09:51:15","slug":"rasilla-19x19x13-montserrat-beige","status":"publish","type":"product","link":"https:\/\/ceramicascalaf.com\/fr\/produit\/rasilla-19x19x13-montserrat-beige\/","title":{"rendered":"Rasilla 19x19x1,3 &#8211; Montserrat Beige"},"content":{"rendered":"","protected":false},"excerpt":{"rendered":"<p>La Rasilla de 13 mm de la s\u00e9rie Montserrat est notre pi\u00e8ce la plus polyvalente et la plus vendue. Id\u00e9ale pour un trafic l\u00e9ger, elle s&rsquo;adapte \u00e0 une grande vari\u00e9t\u00e9 d&rsquo;applications : patios, terrasses, mus\u00e9es, greniers, toits ou m\u00eame pour niveler un terrain. Son fond assure une adh\u00e9rence ferme et durable au sol. Il est \u00e9galement disponible dans une version exclusive en gr\u00e8s, offrant encore plus d&rsquo;options pour vos projets.   <\/p>\n","protected":false},"featured_media":7884,"comment_status":"open","ping_status":"closed","template":"","meta":{"_acf_changed":false},"product_brand":[],"product_cat":[790],"product_tag":[],"class_list":{"0":"post-7670","1":"product","2":"type-product","3":"status-publish","4":"has-post-thumbnail","6":"product_cat-montserrat-beige","8":"first","9":"instock","10":"shipping-taxable","11":"product-type-simple"},"acf":[],"_links":{"self":[{"href":"https:\/\/ceramicascalaf.com\/fr\/wp-json\/wp\/v2\/product\/7670","targetHints":{"allow":["GET"]}}],"collection":[{"href":"https:\/\/ceramicascalaf.com\/fr\/wp-json\/wp\/v2\/product"}],"about":[{"href":"https:\/\/ceramicascalaf.com\/fr\/wp-json\/wp\/v2\/types\/product"}],"replies":[{"embeddable":true,"href":"https:\/\/ceramicascalaf.com\/fr\/wp-json\/wp\/v2\/comments?post=7670"}],"wp:featuredmedia":[{"embeddable":true,"href":"https:\/\/ceramicascalaf.com\/fr\/wp-json\/wp\/v2\/media\/7884"}],"wp:attachment":[{"href":"https:\/\/ceramicascalaf.com\/fr\/wp-json\/wp\/v2\/media?parent=7670"}],"wp:term":[{"taxonomy":"product_brand","embeddable":true,"href":"https:\/\/ceramicascalaf.com\/fr\/wp-json\/wp\/v2\/product_brand?post=7670"},{"taxonomy":"product_cat","embeddable":true,"href":"https:\/\/ceramicascalaf.com\/fr\/wp-json\/wp\/v2\/product_cat?post=7670"},{"taxonomy":"product_tag","embeddable":true,"href":"https:\/\/ceramicascalaf.com\/fr\/wp-json\/wp\/v2\/product_tag?post=7670"}],"curies":[{"name":"wp","href":"https:\/\/api.w.org\/{rel}","templated":true}]}}