{"id":7677,"date":"2025-07-16T09:51:15","date_gmt":"2025-07-16T09:51:15","guid":{"rendered":"https:\/\/ceramicascalaf.com\/producto\/plinthe-274x65-montserrat-beige\/"},"modified":"2025-07-16T09:51:15","modified_gmt":"2025-07-16T09:51:15","slug":"plinthe-274x65-montserrat-beige","status":"publish","type":"product","link":"https:\/\/ceramicascalaf.com\/fr\/produit\/plinthe-274x65-montserrat-beige\/","title":{"rendered":"Plinthe 27,4&#215;6,5 &#8211; Montserrat Beige"},"content":{"rendered":"","protected":false},"excerpt":{"rendered":"<p>Le socle de la s\u00e9rie Montserrat est la touche finale id\u00e9ale pour vos murs, compl\u00e9tant parfaitement notre base. Son design simple et \u00e9l\u00e9gant offre une finition propre et professionnelle, rehaussant l&rsquo;esth\u00e9tique de n&rsquo;importe quel espace.<\/p>\n","protected":false},"featured_media":479,"comment_status":"open","ping_status":"closed","template":"","meta":{"_acf_changed":false},"product_brand":[],"product_cat":[790],"product_tag":[],"class_list":{"0":"post-7677","1":"product","2":"type-product","3":"status-publish","4":"has-post-thumbnail","6":"product_cat-montserrat-beige","8":"first","9":"instock","10":"shipping-taxable","11":"product-type-simple"},"acf":[],"_links":{"self":[{"href":"https:\/\/ceramicascalaf.com\/fr\/wp-json\/wp\/v2\/product\/7677","targetHints":{"allow":["GET"]}}],"collection":[{"href":"https:\/\/ceramicascalaf.com\/fr\/wp-json\/wp\/v2\/product"}],"about":[{"href":"https:\/\/ceramicascalaf.com\/fr\/wp-json\/wp\/v2\/types\/product"}],"replies":[{"embeddable":true,"href":"https:\/\/ceramicascalaf.com\/fr\/wp-json\/wp\/v2\/comments?post=7677"}],"wp:featuredmedia":[{"embeddable":true,"href":"https:\/\/ceramicascalaf.com\/fr\/wp-json\/wp\/v2\/media\/479"}],"wp:attachment":[{"href":"https:\/\/ceramicascalaf.com\/fr\/wp-json\/wp\/v2\/media?parent=7677"}],"wp:term":[{"taxonomy":"product_brand","embeddable":true,"href":"https:\/\/ceramicascalaf.com\/fr\/wp-json\/wp\/v2\/product_brand?post=7677"},{"taxonomy":"product_cat","embeddable":true,"href":"https:\/\/ceramicascalaf.com\/fr\/wp-json\/wp\/v2\/product_cat?post=7677"},{"taxonomy":"product_tag","embeddable":true,"href":"https:\/\/ceramicascalaf.com\/fr\/wp-json\/wp\/v2\/product_tag?post=7677"}],"curies":[{"name":"wp","href":"https:\/\/api.w.org\/{rel}","templated":true}]}}