{"id":7838,"date":"2026-01-29T09:50:50","date_gmt":"2026-01-29T09:50:50","guid":{"rendered":"https:\/\/ceramicascalaf.com\/?post_type=product&#038;p=7838"},"modified":"2026-01-29T09:53:18","modified_gmt":"2026-01-29T09:53:18","slug":"flashing-28x14-barcelona-pink-copia","status":"publish","type":"product","link":"https:\/\/ceramicascalaf.com\/fr\/produit\/flashing-28x14-barcelona-pink-copia\/","title":{"rendered":"Flashing 28&#215;14 &#8211; Barcelona Pink (copia)"},"content":{"rendered":"","protected":false},"excerpt":{"rendered":"<p>La pi\u00e8ce sp\u00e9ciale la plus polyvalente de la collection. Sa grande vari\u00e9t\u00e9 de tailles lui permet de s&rsquo;adapter \u00e9l\u00e9gamment aux couronnements de fen\u00eatres, ainsi qu&rsquo;\u00e0 des projets plus exigeants tels que les piscines, traditionnelles ou \u00e0 d\u00e9bordement, et les escaliers. Une alternative contemporaine \u00e0 la marche arrondie classique, id\u00e9ale pour ceux qui recherchent un design moderne et sophistiqu\u00e9.<\/p>\n","protected":false},"featured_media":7832,"comment_status":"open","ping_status":"closed","template":"","meta":{"_acf_changed":false},"product_brand":[],"product_cat":[736],"product_tag":[],"class_list":{"0":"post-7838","1":"product","2":"type-product","3":"status-publish","4":"has-post-thumbnail","6":"product_cat-barcelone-rose","8":"first","9":"instock","10":"shipping-taxable","11":"product-type-simple"},"acf":[],"_links":{"self":[{"href":"https:\/\/ceramicascalaf.com\/fr\/wp-json\/wp\/v2\/product\/7838","targetHints":{"allow":["GET"]}}],"collection":[{"href":"https:\/\/ceramicascalaf.com\/fr\/wp-json\/wp\/v2\/product"}],"about":[{"href":"https:\/\/ceramicascalaf.com\/fr\/wp-json\/wp\/v2\/types\/product"}],"replies":[{"embeddable":true,"href":"https:\/\/ceramicascalaf.com\/fr\/wp-json\/wp\/v2\/comments?post=7838"}],"wp:featuredmedia":[{"embeddable":true,"href":"https:\/\/ceramicascalaf.com\/fr\/wp-json\/wp\/v2\/media\/7832"}],"wp:attachment":[{"href":"https:\/\/ceramicascalaf.com\/fr\/wp-json\/wp\/v2\/media?parent=7838"}],"wp:term":[{"taxonomy":"product_brand","embeddable":true,"href":"https:\/\/ceramicascalaf.com\/fr\/wp-json\/wp\/v2\/product_brand?post=7838"},{"taxonomy":"product_cat","embeddable":true,"href":"https:\/\/ceramicascalaf.com\/fr\/wp-json\/wp\/v2\/product_cat?post=7838"},{"taxonomy":"product_tag","embeddable":true,"href":"https:\/\/ceramicascalaf.com\/fr\/wp-json\/wp\/v2\/product_tag?post=7838"}],"curies":[{"name":"wp","href":"https:\/\/api.w.org\/{rel}","templated":true}]}}