{"id":7963,"date":"2026-01-29T13:16:21","date_gmt":"2026-01-29T13:16:21","guid":{"rendered":"https:\/\/ceramicascalaf.com\/?post_type=product&#038;p=7963"},"modified":"2026-01-29T13:22:36","modified_gmt":"2026-01-29T13:22:36","slug":"socle-sanitaire-27x112-montserrat-red-copia","status":"publish","type":"product","link":"https:\/\/ceramicascalaf.com\/fr\/produit\/socle-sanitaire-27x112-montserrat-red-copia\/","title":{"rendered":"Socle sanitaire 27&#215;11,2 &#8211; Montserrat Red (copia)"},"content":{"rendered":"","protected":false},"excerpt":{"rendered":"<p>La plinthe de la s\u00e9rie Montserrat est la touche finale id\u00e9ale pour vos murs, compl\u00e9tant parfaitement notre base. Son design simple et \u00e9l\u00e9gant offre une finition propre et professionnelle, rehaussant l&rsquo;esth\u00e9tique de n&rsquo;importe quel espace. <\/p>\n","protected":false},"featured_media":7967,"comment_status":"open","ping_status":"closed","template":"","meta":{"_acf_changed":false},"product_brand":[],"product_cat":[826],"product_tag":[],"class_list":{"0":"post-7963","1":"product","2":"type-product","3":"status-publish","4":"has-post-thumbnail","6":"product_cat-montserrat-rojo","8":"first","9":"instock","10":"shipping-taxable","11":"product-type-simple"},"acf":[],"_links":{"self":[{"href":"https:\/\/ceramicascalaf.com\/fr\/wp-json\/wp\/v2\/product\/7963","targetHints":{"allow":["GET"]}}],"collection":[{"href":"https:\/\/ceramicascalaf.com\/fr\/wp-json\/wp\/v2\/product"}],"about":[{"href":"https:\/\/ceramicascalaf.com\/fr\/wp-json\/wp\/v2\/types\/product"}],"replies":[{"embeddable":true,"href":"https:\/\/ceramicascalaf.com\/fr\/wp-json\/wp\/v2\/comments?post=7963"}],"wp:featuredmedia":[{"embeddable":true,"href":"https:\/\/ceramicascalaf.com\/fr\/wp-json\/wp\/v2\/media\/7967"}],"wp:attachment":[{"href":"https:\/\/ceramicascalaf.com\/fr\/wp-json\/wp\/v2\/media?parent=7963"}],"wp:term":[{"taxonomy":"product_brand","embeddable":true,"href":"https:\/\/ceramicascalaf.com\/fr\/wp-json\/wp\/v2\/product_brand?post=7963"},{"taxonomy":"product_cat","embeddable":true,"href":"https:\/\/ceramicascalaf.com\/fr\/wp-json\/wp\/v2\/product_cat?post=7963"},{"taxonomy":"product_tag","embeddable":true,"href":"https:\/\/ceramicascalaf.com\/fr\/wp-json\/wp\/v2\/product_tag?post=7963"}],"curies":[{"name":"wp","href":"https:\/\/api.w.org\/{rel}","templated":true}]}}